{"id":3823,"date":"2021-08-23T14:32:44","date_gmt":"2021-08-23T12:32:44","guid":{"rendered":"http:\/\/www.cabinetleon.com\/?page_id=3823"},"modified":"2022-03-08T13:00:54","modified_gmt":"2022-03-08T12:00:54","slug":"logistique","status":"publish","type":"page","link":"https:\/\/www.cabinetleon.com\/fr\/logistique\/","title":{"rendered":"Logistique"},"content":{"rendered":"<p>[vc_row full_width=\u00a0\u00bbstretch_row\u00a0\u00bb css=\u00a0\u00bb.vc_custom_1646397748879{margin-bottom: 75px !important;padding-top: 200px !important;padding-bottom: 150px !important;background-image: url(http:\/\/www.cabinetleon.com\/wp-content\/uploads\/2022\/03\/Logistique.jpg?id=5238) !important;background-position: center !important;background-repeat: no-repeat !important;background-size: cover !important;}\u00a0\u00bb][vc_column][vc_row_inner][vc_column_inner width=\u00a0\u00bb1\/6&Prime;][\/vc_column_inner][vc_column_inner width=\u00a0\u00bb2\/3&Prime;][vc_column_text]<\/p>\n<h1 style=\"text-align: center;\"><span style=\"color: #ffffff;\">Logistique<\/span><\/h1>\n<p>[\/vc_column_text][\/vc_column_inner][vc_column_inner width=\u00a0\u00bb1\/6&Prime;][\/vc_column_inner][\/vc_row_inner][\/vc_column][\/vc_row][vc_row][vc_column][vc_column_text]<\/p>\n<div class=\"stat pulse\">\n<div class=\"stat pulse\">\n<div class=\"stat pulse\">\n<h3>Optimiser les flux des\u00a0<strong>plateformes logistiques<\/strong><\/h3>\n<p><strong>Contexte et enjeux<\/strong><\/div>\n<p>La pr\u00e9paration de commande \u00e9volue avec souvent des quantit\u00e9s moindres \u00e0 pr\u00e9parer et des d\u00e9lais plus tendus. Il peut \u00eatre alors utile de repenser sa plateforme logistique pour la rendre plus performante et plus agile. Externaliser vers des prestataires logistiques sp\u00e9cialis\u00e9s peut \u00e9galement \u00eatre une solution int\u00e9ressante.<\/p>\n<p>L\u2019intralogistique a aussi beaucoup \u00e9volu\u00e9 ces derni\u00e8res ann\u00e9es, pour devenir aujourd\u2019hui une fonction \u00e0 part enti\u00e8re au sein des entreprises. En effet, elle a un r\u00f4le essentiel dans la rentabilit\u00e9 de celles-ci : il existe des gisements de gains en temps et en co\u00fbt au niveau du stockage, de la pr\u00e9paration de commandes, et de l\u2019exp\u00e9dition. L\u2019optimisation de ces processus impacte directement la qualit\u00e9, le taux de service, et les performances en termes de d\u00e9lais et de r\u00e9activit\u00e9 des entreprises.<\/p><\/div>\n<\/div>\n<p>[\/vc_column_text][vc_single_image image=\u00a0\u00bb3833&Prime; img_size=\u00a0\u00bbfull\u00a0\u00bb][vc_single_image image=\u00a0\u00bb3834&Prime; img_size=\u00a0\u00bbfull\u00a0\u00bb][vc_column_text]<strong>Notre expertise pour vous aider \u00e0 optimiser votre logistique :<\/strong>[\/vc_column_text][vc_single_image image=\u00a0\u00bb3837&Prime; img_size=\u00a0\u00bbfull\u00a0\u00bb][\/vc_column][\/vc_row][vc_row][vc_column][vc_empty_space][\/vc_column][\/vc_row]<\/p>\n","protected":false},"excerpt":{"rendered":"<p>[vc_row full_width=\u00a0\u00bbstretch_row\u00a0\u00bb css=\u00a0\u00bb.vc_custom_1646397748879{margin-bottom: 75px !important;padding-top: 200px !important;padding-bottom: 150px !important;background-image: url(http:\/\/www.cabinetleon.com\/wp-content\/uploads\/2022\/03\/Logistique.jpg?id=5238) !important;background-position: center !important;background-repeat: no-repeat !important;background-size: cover !important;}\u00a0\u00bb][vc_column][vc_row_inner][vc_column_inner width=\u00a0\u00bb1\/6&Prime;][\/vc_column_inner][vc_column_inner width=\u00a0\u00bb2\/3&Prime;][vc_column_text] Logistique [\/vc_column_text][\/vc_column_inner][vc_column_inner width=\u00a0\u00bb1\/6&Prime;][\/vc_column_inner][\/vc_row_inner][\/vc_column][\/vc_row][vc_row][vc_column][vc_column_text] Optimiser les flux des\u00a0plateformes logistiques Contexte et enjeux La pr\u00e9paration de commande \u00e9volue avec souvent des quantit\u00e9s moindres \u00e0 pr\u00e9parer et des d\u00e9lais plus tendus. Il peut \u00eatre alors utile de repenser sa [&hellip;]<\/p>\n","protected":false},"author":1,"featured_media":0,"parent":0,"menu_order":0,"comment_status":"closed","ping_status":"closed","template":"page-boxed.php","meta":[],"yoast_head":"<!-- This site is optimized with the Yoast SEO plugin v19.6 - https:\/\/yoast.com\/wordpress\/plugins\/seo\/ -->\n<title>Logistique - LEON<\/title>\n<meta name=\"robots\" content=\"index, follow, max-snippet:-1, max-image-preview:large, max-video-preview:-1\" \/>\n<link rel=\"canonical\" href=\"https:\/\/www.cabinetleon.com\/fr\/logistique\/\" \/>\n<meta property=\"og:locale\" content=\"fr_FR\" \/>\n<meta property=\"og:type\" content=\"article\" \/>\n<meta property=\"og:title\" content=\"Logistique - LEON\" \/>\n<meta property=\"og:description\" content=\"[vc_row full_width=\u00a0\u00bbstretch_row\u00a0\u00bb css=\u00a0\u00bb.vc_custom_1646397748879{margin-bottom: 75px !important;padding-top: 200px !important;padding-bottom: 150px !important;background-image: url(http:\/\/www.cabinetleon.com\/wp-content\/uploads\/2022\/03\/Logistique.jpg?id=5238) !important;background-position: center !important;background-repeat: no-repeat !important;background-size: cover !important;}\u00a0\u00bb][vc_column][vc_row_inner][vc_column_inner width=\u00a0\u00bb1\/6&Prime;][\/vc_column_inner][vc_column_inner width=\u00a0\u00bb2\/3&Prime;][vc_column_text] Logistique [\/vc_column_text][\/vc_column_inner][vc_column_inner width=\u00a0\u00bb1\/6&Prime;][\/vc_column_inner][\/vc_row_inner][\/vc_column][\/vc_row][vc_row][vc_column][vc_column_text] Optimiser les flux des\u00a0plateformes logistiques Contexte et enjeux La pr\u00e9paration de commande \u00e9volue avec souvent des quantit\u00e9s moindres \u00e0 pr\u00e9parer et des d\u00e9lais plus tendus. Il peut \u00eatre alors utile de repenser sa [&hellip;]\" \/>\n<meta property=\"og:url\" content=\"https:\/\/www.cabinetleon.com\/fr\/logistique\/\" \/>\n<meta property=\"og:site_name\" content=\"LEON\" \/>\n<meta property=\"article:modified_time\" content=\"2022-03-08T12:00:54+00:00\" \/>\n<meta property=\"og:image\" content=\"https:\/\/www.cabinetleon.com\/wp-content\/uploads\/2022\/04\/intro2.jpg\" \/>\n\t<meta property=\"og:image:width\" content=\"1884\" \/>\n\t<meta property=\"og:image:height\" content=\"885\" \/>\n\t<meta property=\"og:image:type\" content=\"image\/jpeg\" \/>\n<meta name=\"twitter:card\" content=\"summary_large_image\" \/>\n<meta name=\"twitter:label1\" content=\"Dur\u00e9e de lecture estim\u00e9e\" \/>\n\t<meta name=\"twitter:data1\" content=\"1 minute\" \/>\n<script type=\"application\/ld+json\" class=\"yoast-schema-graph\">{\"@context\":\"https:\/\/schema.org\",\"@graph\":[{\"@type\":\"WebPage\",\"@id\":\"https:\/\/www.cabinetleon.com\/fr\/logistique\/\",\"url\":\"https:\/\/www.cabinetleon.com\/fr\/logistique\/\",\"name\":\"Logistique - LEON\",\"isPartOf\":{\"@id\":\"https:\/\/www.cabinetleon.com\/#website\"},\"datePublished\":\"2021-08-23T12:32:44+00:00\",\"dateModified\":\"2022-03-08T12:00:54+00:00\",\"breadcrumb\":{\"@id\":\"https:\/\/www.cabinetleon.com\/fr\/logistique\/#breadcrumb\"},\"inLanguage\":\"fr-FR\",\"potentialAction\":[{\"@type\":\"ReadAction\",\"target\":[\"https:\/\/www.cabinetleon.com\/fr\/logistique\/\"]}]},{\"@type\":\"BreadcrumbList\",\"@id\":\"https:\/\/www.cabinetleon.com\/fr\/logistique\/#breadcrumb\",\"itemListElement\":[{\"@type\":\"ListItem\",\"position\":1,\"name\":\"Logistique\"}]},{\"@type\":\"WebSite\",\"@id\":\"https:\/\/www.cabinetleon.com\/#website\",\"url\":\"https:\/\/www.cabinetleon.com\/\",\"name\":\"LEON\",\"description\":\"Cabinet De Conseil En Supply Chain, 75009 Paris\",\"publisher\":{\"@id\":\"https:\/\/www.cabinetleon.com\/#organization\"},\"potentialAction\":[{\"@type\":\"SearchAction\",\"target\":{\"@type\":\"EntryPoint\",\"urlTemplate\":\"https:\/\/www.cabinetleon.com\/?s={search_term_string}\"},\"query-input\":\"required name=search_term_string\"}],\"inLanguage\":\"fr-FR\"},{\"@type\":\"Organization\",\"@id\":\"https:\/\/www.cabinetleon.com\/#organization\",\"name\":\"LEON\",\"url\":\"https:\/\/www.cabinetleon.com\/\",\"sameAs\":[\"https:\/\/www.linkedin.com\/in\/pierrefournet\/?originalSubdomain=fr\",\"https:\/\/www.youtube.com\/channel\/UCppJjmJy2cNd5Bz5mx7vjCw\"],\"logo\":{\"@type\":\"ImageObject\",\"inLanguage\":\"fr-FR\",\"@id\":\"https:\/\/www.cabinetleon.com\/#\/schema\/logo\/image\/\",\"url\":\"https:\/\/www.cabinetleon.com\/wp-content\/uploads\/2022\/04\/intro2.jpg\",\"contentUrl\":\"https:\/\/www.cabinetleon.com\/wp-content\/uploads\/2022\/04\/intro2.jpg\",\"width\":1884,\"height\":885,\"caption\":\"LEON\"},\"image\":{\"@id\":\"https:\/\/www.cabinetleon.com\/#\/schema\/logo\/image\/\"}}]}<\/script>\n<!-- \/ Yoast SEO plugin. -->","yoast_head_json":{"title":"Logistique - LEON","robots":{"index":"index","follow":"follow","max-snippet":"max-snippet:-1","max-image-preview":"max-image-preview:large","max-video-preview":"max-video-preview:-1"},"canonical":"https:\/\/www.cabinetleon.com\/fr\/logistique\/","og_locale":"fr_FR","og_type":"article","og_title":"Logistique - LEON","og_description":"[vc_row full_width=\u00a0\u00bbstretch_row\u00a0\u00bb css=\u00a0\u00bb.vc_custom_1646397748879{margin-bottom: 75px !important;padding-top: 200px !important;padding-bottom: 150px !important;background-image: url(http:\/\/www.cabinetleon.com\/wp-content\/uploads\/2022\/03\/Logistique.jpg?id=5238) !important;background-position: center !important;background-repeat: no-repeat !important;background-size: cover !important;}\u00a0\u00bb][vc_column][vc_row_inner][vc_column_inner width=\u00a0\u00bb1\/6&Prime;][\/vc_column_inner][vc_column_inner width=\u00a0\u00bb2\/3&Prime;][vc_column_text] Logistique [\/vc_column_text][\/vc_column_inner][vc_column_inner width=\u00a0\u00bb1\/6&Prime;][\/vc_column_inner][\/vc_row_inner][\/vc_column][\/vc_row][vc_row][vc_column][vc_column_text] Optimiser les flux des\u00a0plateformes logistiques Contexte et enjeux La pr\u00e9paration de commande \u00e9volue avec souvent des quantit\u00e9s moindres \u00e0 pr\u00e9parer et des d\u00e9lais plus tendus. Il peut \u00eatre alors utile de repenser sa [&hellip;]","og_url":"https:\/\/www.cabinetleon.com\/fr\/logistique\/","og_site_name":"LEON","article_modified_time":"2022-03-08T12:00:54+00:00","og_image":[{"width":1884,"height":885,"url":"https:\/\/www.cabinetleon.com\/wp-content\/uploads\/2022\/04\/intro2.jpg","type":"image\/jpeg"}],"twitter_card":"summary_large_image","twitter_misc":{"Dur\u00e9e de lecture estim\u00e9e":"1 minute"},"schema":{"@context":"https:\/\/schema.org","@graph":[{"@type":"WebPage","@id":"https:\/\/www.cabinetleon.com\/fr\/logistique\/","url":"https:\/\/www.cabinetleon.com\/fr\/logistique\/","name":"Logistique - LEON","isPartOf":{"@id":"https:\/\/www.cabinetleon.com\/#website"},"datePublished":"2021-08-23T12:32:44+00:00","dateModified":"2022-03-08T12:00:54+00:00","breadcrumb":{"@id":"https:\/\/www.cabinetleon.com\/fr\/logistique\/#breadcrumb"},"inLanguage":"fr-FR","potentialAction":[{"@type":"ReadAction","target":["https:\/\/www.cabinetleon.com\/fr\/logistique\/"]}]},{"@type":"BreadcrumbList","@id":"https:\/\/www.cabinetleon.com\/fr\/logistique\/#breadcrumb","itemListElement":[{"@type":"ListItem","position":1,"name":"Logistique"}]},{"@type":"WebSite","@id":"https:\/\/www.cabinetleon.com\/#website","url":"https:\/\/www.cabinetleon.com\/","name":"LEON","description":"Cabinet De Conseil En Supply Chain, 75009 Paris","publisher":{"@id":"https:\/\/www.cabinetleon.com\/#organization"},"potentialAction":[{"@type":"SearchAction","target":{"@type":"EntryPoint","urlTemplate":"https:\/\/www.cabinetleon.com\/?s={search_term_string}"},"query-input":"required name=search_term_string"}],"inLanguage":"fr-FR"},{"@type":"Organization","@id":"https:\/\/www.cabinetleon.com\/#organization","name":"LEON","url":"https:\/\/www.cabinetleon.com\/","sameAs":["https:\/\/www.linkedin.com\/in\/pierrefournet\/?originalSubdomain=fr","https:\/\/www.youtube.com\/channel\/UCppJjmJy2cNd5Bz5mx7vjCw"],"logo":{"@type":"ImageObject","inLanguage":"fr-FR","@id":"https:\/\/www.cabinetleon.com\/#\/schema\/logo\/image\/","url":"https:\/\/www.cabinetleon.com\/wp-content\/uploads\/2022\/04\/intro2.jpg","contentUrl":"https:\/\/www.cabinetleon.com\/wp-content\/uploads\/2022\/04\/intro2.jpg","width":1884,"height":885,"caption":"LEON"},"image":{"@id":"https:\/\/www.cabinetleon.com\/#\/schema\/logo\/image\/"}}]}},"_links":{"self":[{"href":"https:\/\/www.cabinetleon.com\/fr\/wp-json\/wp\/v2\/pages\/3823"}],"collection":[{"href":"https:\/\/www.cabinetleon.com\/fr\/wp-json\/wp\/v2\/pages"}],"about":[{"href":"https:\/\/www.cabinetleon.com\/fr\/wp-json\/wp\/v2\/types\/page"}],"author":[{"embeddable":true,"href":"https:\/\/www.cabinetleon.com\/fr\/wp-json\/wp\/v2\/users\/1"}],"replies":[{"embeddable":true,"href":"https:\/\/www.cabinetleon.com\/fr\/wp-json\/wp\/v2\/comments?post=3823"}],"version-history":[{"count":11,"href":"https:\/\/www.cabinetleon.com\/fr\/wp-json\/wp\/v2\/pages\/3823\/revisions"}],"predecessor-version":[{"id":5421,"href":"https:\/\/www.cabinetleon.com\/fr\/wp-json\/wp\/v2\/pages\/3823\/revisions\/5421"}],"wp:attachment":[{"href":"https:\/\/www.cabinetleon.com\/fr\/wp-json\/wp\/v2\/media?parent=3823"}],"curies":[{"name":"wp","href":"https:\/\/api.w.org\/{rel}","templated":true}]}}