{"id":3891,"date":"2021-08-24T14:27:28","date_gmt":"2021-08-24T12:27:28","guid":{"rendered":"http:\/\/www.cabinetleon.com\/?page_id=3891"},"modified":"2022-04-26T13:13:11","modified_gmt":"2022-04-26T11:13:11","slug":"expertise-sinistre-et-audit-immobilier","status":"publish","type":"page","link":"https:\/\/www.cabinetleon.com\/fr\/expertise-sinistre-et-audit-immobilier\/","title":{"rendered":"Expertise sinistre et audit immobilier"},"content":{"rendered":"<p>[vc_row full_width=\u00a0\u00bbstretch_row\u00a0\u00bb css=\u00a0\u00bb.vc_custom_1629809045966{margin-bottom: 75px !important;padding-top: 200px !important;padding-bottom: 150px !important;background-image: url(http:\/\/www.cabinetleon.com\/wp-content\/uploads\/2021\/08\/audit-en-investissement-immobilier.jpg?id=3901) !important;background-position: center !important;background-repeat: no-repeat !important;background-size: cover !important;}\u00a0\u00bb][vc_column][vc_row_inner][vc_column_inner width=\u00a0\u00bb1\/6&Prime;][\/vc_column_inner][vc_column_inner width=\u00a0\u00bb2\/3&Prime;][vc_column_text]<\/p>\n<h1 style=\"text-align: center;\"><span style=\"color: #ffffff;\">Expertise Sinistre Et Audit Immobilier<\/span><\/h1>\n<p>[\/vc_column_text][\/vc_column_inner][vc_column_inner width=\u00a0\u00bb1\/6&Prime;][\/vc_column_inner][\/vc_row_inner][\/vc_column][\/vc_row][vc_row][vc_column][vc_column_text]<strong>EXPERTISE SINISTRE<\/strong><br \/>\nLEON, sp\u00e9cialis\u00e9 en expertise b\u00e2timent met tout en \u0153uvre pour r\u00e9soudre vos probl\u00e8mes dans le domaine de l\u2019immobilier ou de la construction. Notre ind\u00e9pendance est le garant d\u2019une totale impartialit\u00e9 dans le traitement de votre sinistre. Vous constatez des fissures, des infiltrations, des probl\u00e8mes d\u2019humidit\u00e9, des d\u00e9collements de carrelages ou de peinture etc ? Vous contestez la conformit\u00e9 des travaux que vient de r\u00e9aliser une entreprise ? Vous avez besoin d\u2019un conseil face \u00e0 un ma\u00eetre d\u2019\u0153uvre ou une compagnie d\u2019assurance ? Apr\u00e8s une visite approfondie, une \u00e9tude des documents techniques et contractuels, nous r\u00e9digeons un rapport d\u2019expertise qui pourra ensuite \u00eatre utilis\u00e9 dans le cadre d\u2019une m\u00e9diation, d\u2019un arbitrage ou d\u2019une proc\u00e9dure judiciaire. Ce rapport s\u2019accompagne d\u2019un dossier photos complet.<\/p>\n<p><strong>EXPERTISE AUDIT IMMOBILIER<\/strong><br \/>\nVous avez un projet d\u2019acquisition ou de cession ? Nous r\u00e9alisons un audit technique complet de l\u2019actif immobilier comprenant :<\/p>\n<p><strong>1- Analyse documentaire<\/strong><br \/>\n\u2022 Permis de construire \u2013 certificat de conformit\u00e9<br \/>\n\u2022 Plans des b\u00e2timents<br \/>\n\u2022 Documents d\u2019urbanisme, cadastre, PLU<br \/>\n\u2022 Diagnostics techniques divers<br \/>\n\u2022 Contrats d\u2019entretien \u2013 certificats Q18 \u2013 Q4 \u2013 Q5 \u2013 Q7 etc<br \/>\n\u2022 Liste des derniers travaux ex\u00e9cut\u00e9s<\/p>\n<p><strong>2- Audit technique<\/strong><br \/>\n\u2022 Visite technique approfondie des locaux, toiture, sous-sols, ext\u00e9rieurs<br \/>\n\u2022 R\u00e9alisation du carnet de sant\u00e9 des ouvrages avec : constatation des d\u00e9sordres \u2013 % de d\u00e9gradation de l\u2019ouvrage \u2013 niveau d\u2019urgence d\u2019intervention<\/p>\n<p><strong>3- Rapport d\u2019audit<\/strong><br \/>\nDescription g\u00e9n\u00e9rale de l\u2019ensemble immobilier avec :<br \/>\n&#8211; Situation g\u00e9ographique et cadastrale<br \/>\n&#8211; Surfaces fonci\u00e8res et emprise au sol<br \/>\n&#8211; Surfaces d\u00e9velopp\u00e9es et attribution des locaux<br \/>\n&#8211; Situation juridique et administrative (bail, PLU, cadastre etc.)<br \/>\n&#8211; Descriptions et \u00e9tat des lieux des ext\u00e9rieurs : voiries, cl\u00f4tures, espaces verts etc.<br \/>\n&#8211; Dispositions constructives des b\u00e2timents et appr\u00e9ciation qualitative de la v\u00e9tust\u00e9<br \/>\n&#8211; Analyse des d\u00e9sordres apparents constat\u00e9s : diagnostic et recommandations<br \/>\n&#8211; Pr\u00e9-programmation des travaux \u00e0 pr\u00e9voir avec une r\u00e9partition preneur\/bailleur si n\u00e9cessaire<br \/>\n&#8211; Fiches de relev\u00e9s terrain des ouvrages sur tableau Excel avec la codification des ouvrages<br \/>\n&#8211; Rapport complet avec dossier photos, extraits du PLU, plans et tout autre document[\/vc_column_text][\/vc_column][\/vc_row][vc_row][vc_column][vc_empty_space][\/vc_column][\/vc_row]<\/p>\n","protected":false},"excerpt":{"rendered":"<p>[vc_row full_width=\u00a0\u00bbstretch_row\u00a0\u00bb css=\u00a0\u00bb.vc_custom_1629809045966{margin-bottom: 75px !important;padding-top: 200px !important;padding-bottom: 150px !important;background-image: url(http:\/\/www.cabinetleon.com\/wp-content\/uploads\/2021\/08\/audit-en-investissement-immobilier.jpg?id=3901) !important;background-position: center !important;background-repeat: no-repeat !important;background-size: cover !important;}\u00a0\u00bb][vc_column][vc_row_inner][vc_column_inner width=\u00a0\u00bb1\/6&Prime;][\/vc_column_inner][vc_column_inner width=\u00a0\u00bb2\/3&Prime;][vc_column_text] Expertise Sinistre Et Audit Immobilier [\/vc_column_text][\/vc_column_inner][vc_column_inner width=\u00a0\u00bb1\/6&Prime;][\/vc_column_inner][\/vc_row_inner][\/vc_column][\/vc_row][vc_row][vc_column][vc_column_text]EXPERTISE SINISTRE LEON, sp\u00e9cialis\u00e9 en expertise b\u00e2timent met tout en \u0153uvre pour r\u00e9soudre vos probl\u00e8mes dans le domaine de l\u2019immobilier ou de la construction. Notre ind\u00e9pendance est le garant d\u2019une [&hellip;]<\/p>\n","protected":false},"author":1,"featured_media":0,"parent":0,"menu_order":0,"comment_status":"closed","ping_status":"closed","template":"page-boxed.php","meta":[],"yoast_head":"<!-- This site is optimized with the Yoast SEO plugin v19.6 - https:\/\/yoast.com\/wordpress\/plugins\/seo\/ -->\n<title>Expertise sinistre et audit immobilier - LEON<\/title>\n<meta name=\"robots\" content=\"index, follow, max-snippet:-1, max-image-preview:large, max-video-preview:-1\" \/>\n<link rel=\"canonical\" href=\"https:\/\/www.cabinetleon.com\/fr\/expertise-sinistre-et-audit-immobilier\/\" \/>\n<meta property=\"og:locale\" content=\"fr_FR\" \/>\n<meta property=\"og:type\" content=\"article\" \/>\n<meta property=\"og:title\" content=\"Expertise sinistre et audit immobilier - LEON\" \/>\n<meta property=\"og:description\" content=\"[vc_row full_width=\u00a0\u00bbstretch_row\u00a0\u00bb css=\u00a0\u00bb.vc_custom_1629809045966{margin-bottom: 75px !important;padding-top: 200px !important;padding-bottom: 150px !important;background-image: url(http:\/\/www.cabinetleon.com\/wp-content\/uploads\/2021\/08\/audit-en-investissement-immobilier.jpg?id=3901) !important;background-position: center !important;background-repeat: no-repeat !important;background-size: cover !important;}\u00a0\u00bb][vc_column][vc_row_inner][vc_column_inner width=\u00a0\u00bb1\/6&Prime;][\/vc_column_inner][vc_column_inner width=\u00a0\u00bb2\/3&Prime;][vc_column_text] Expertise Sinistre Et Audit Immobilier [\/vc_column_text][\/vc_column_inner][vc_column_inner width=\u00a0\u00bb1\/6&Prime;][\/vc_column_inner][\/vc_row_inner][\/vc_column][\/vc_row][vc_row][vc_column][vc_column_text]EXPERTISE SINISTRE LEON, sp\u00e9cialis\u00e9 en expertise b\u00e2timent met tout en \u0153uvre pour r\u00e9soudre vos probl\u00e8mes dans le domaine de l\u2019immobilier ou de la construction. Notre ind\u00e9pendance est le garant d\u2019une [&hellip;]\" \/>\n<meta property=\"og:url\" content=\"https:\/\/www.cabinetleon.com\/fr\/expertise-sinistre-et-audit-immobilier\/\" \/>\n<meta property=\"og:site_name\" content=\"LEON\" \/>\n<meta property=\"article:modified_time\" content=\"2022-04-26T11:13:11+00:00\" \/>\n<meta property=\"og:image\" content=\"https:\/\/www.cabinetleon.com\/wp-content\/uploads\/2022\/04\/intro2.jpg\" \/>\n\t<meta property=\"og:image:width\" content=\"1884\" \/>\n\t<meta property=\"og:image:height\" content=\"885\" \/>\n\t<meta property=\"og:image:type\" content=\"image\/jpeg\" \/>\n<meta name=\"twitter:card\" content=\"summary_large_image\" \/>\n<meta name=\"twitter:label1\" content=\"Dur\u00e9e de lecture estim\u00e9e\" \/>\n\t<meta name=\"twitter:data1\" content=\"2 minutes\" \/>\n<script type=\"application\/ld+json\" class=\"yoast-schema-graph\">{\"@context\":\"https:\/\/schema.org\",\"@graph\":[{\"@type\":\"WebPage\",\"@id\":\"https:\/\/www.cabinetleon.com\/fr\/expertise-sinistre-et-audit-immobilier\/\",\"url\":\"https:\/\/www.cabinetleon.com\/fr\/expertise-sinistre-et-audit-immobilier\/\",\"name\":\"Expertise sinistre et audit immobilier - LEON\",\"isPartOf\":{\"@id\":\"https:\/\/www.cabinetleon.com\/#website\"},\"datePublished\":\"2021-08-24T12:27:28+00:00\",\"dateModified\":\"2022-04-26T11:13:11+00:00\",\"breadcrumb\":{\"@id\":\"https:\/\/www.cabinetleon.com\/fr\/expertise-sinistre-et-audit-immobilier\/#breadcrumb\"},\"inLanguage\":\"fr-FR\",\"potentialAction\":[{\"@type\":\"ReadAction\",\"target\":[\"https:\/\/www.cabinetleon.com\/fr\/expertise-sinistre-et-audit-immobilier\/\"]}]},{\"@type\":\"BreadcrumbList\",\"@id\":\"https:\/\/www.cabinetleon.com\/fr\/expertise-sinistre-et-audit-immobilier\/#breadcrumb\",\"itemListElement\":[{\"@type\":\"ListItem\",\"position\":1,\"name\":\"Expertise sinistre et audit immobilier\"}]},{\"@type\":\"WebSite\",\"@id\":\"https:\/\/www.cabinetleon.com\/#website\",\"url\":\"https:\/\/www.cabinetleon.com\/\",\"name\":\"LEON\",\"description\":\"Cabinet De Conseil En Supply Chain, 75009 Paris\",\"publisher\":{\"@id\":\"https:\/\/www.cabinetleon.com\/#organization\"},\"potentialAction\":[{\"@type\":\"SearchAction\",\"target\":{\"@type\":\"EntryPoint\",\"urlTemplate\":\"https:\/\/www.cabinetleon.com\/?s={search_term_string}\"},\"query-input\":\"required name=search_term_string\"}],\"inLanguage\":\"fr-FR\"},{\"@type\":\"Organization\",\"@id\":\"https:\/\/www.cabinetleon.com\/#organization\",\"name\":\"LEON\",\"url\":\"https:\/\/www.cabinetleon.com\/\",\"sameAs\":[\"https:\/\/www.linkedin.com\/in\/pierrefournet\/?originalSubdomain=fr\",\"https:\/\/www.youtube.com\/channel\/UCppJjmJy2cNd5Bz5mx7vjCw\"],\"logo\":{\"@type\":\"ImageObject\",\"inLanguage\":\"fr-FR\",\"@id\":\"https:\/\/www.cabinetleon.com\/#\/schema\/logo\/image\/\",\"url\":\"https:\/\/www.cabinetleon.com\/wp-content\/uploads\/2022\/04\/intro2.jpg\",\"contentUrl\":\"https:\/\/www.cabinetleon.com\/wp-content\/uploads\/2022\/04\/intro2.jpg\",\"width\":1884,\"height\":885,\"caption\":\"LEON\"},\"image\":{\"@id\":\"https:\/\/www.cabinetleon.com\/#\/schema\/logo\/image\/\"}}]}<\/script>\n<!-- \/ Yoast SEO plugin. -->","yoast_head_json":{"title":"Expertise sinistre et audit immobilier - LEON","robots":{"index":"index","follow":"follow","max-snippet":"max-snippet:-1","max-image-preview":"max-image-preview:large","max-video-preview":"max-video-preview:-1"},"canonical":"https:\/\/www.cabinetleon.com\/fr\/expertise-sinistre-et-audit-immobilier\/","og_locale":"fr_FR","og_type":"article","og_title":"Expertise sinistre et audit immobilier - LEON","og_description":"[vc_row full_width=\u00a0\u00bbstretch_row\u00a0\u00bb css=\u00a0\u00bb.vc_custom_1629809045966{margin-bottom: 75px !important;padding-top: 200px !important;padding-bottom: 150px !important;background-image: url(http:\/\/www.cabinetleon.com\/wp-content\/uploads\/2021\/08\/audit-en-investissement-immobilier.jpg?id=3901) !important;background-position: center !important;background-repeat: no-repeat !important;background-size: cover !important;}\u00a0\u00bb][vc_column][vc_row_inner][vc_column_inner width=\u00a0\u00bb1\/6&Prime;][\/vc_column_inner][vc_column_inner width=\u00a0\u00bb2\/3&Prime;][vc_column_text] Expertise Sinistre Et Audit Immobilier [\/vc_column_text][\/vc_column_inner][vc_column_inner width=\u00a0\u00bb1\/6&Prime;][\/vc_column_inner][\/vc_row_inner][\/vc_column][\/vc_row][vc_row][vc_column][vc_column_text]EXPERTISE SINISTRE LEON, sp\u00e9cialis\u00e9 en expertise b\u00e2timent met tout en \u0153uvre pour r\u00e9soudre vos probl\u00e8mes dans le domaine de l\u2019immobilier ou de la construction. Notre ind\u00e9pendance est le garant d\u2019une [&hellip;]","og_url":"https:\/\/www.cabinetleon.com\/fr\/expertise-sinistre-et-audit-immobilier\/","og_site_name":"LEON","article_modified_time":"2022-04-26T11:13:11+00:00","og_image":[{"width":1884,"height":885,"url":"https:\/\/www.cabinetleon.com\/wp-content\/uploads\/2022\/04\/intro2.jpg","type":"image\/jpeg"}],"twitter_card":"summary_large_image","twitter_misc":{"Dur\u00e9e de lecture estim\u00e9e":"2 minutes"},"schema":{"@context":"https:\/\/schema.org","@graph":[{"@type":"WebPage","@id":"https:\/\/www.cabinetleon.com\/fr\/expertise-sinistre-et-audit-immobilier\/","url":"https:\/\/www.cabinetleon.com\/fr\/expertise-sinistre-et-audit-immobilier\/","name":"Expertise sinistre et audit immobilier - LEON","isPartOf":{"@id":"https:\/\/www.cabinetleon.com\/#website"},"datePublished":"2021-08-24T12:27:28+00:00","dateModified":"2022-04-26T11:13:11+00:00","breadcrumb":{"@id":"https:\/\/www.cabinetleon.com\/fr\/expertise-sinistre-et-audit-immobilier\/#breadcrumb"},"inLanguage":"fr-FR","potentialAction":[{"@type":"ReadAction","target":["https:\/\/www.cabinetleon.com\/fr\/expertise-sinistre-et-audit-immobilier\/"]}]},{"@type":"BreadcrumbList","@id":"https:\/\/www.cabinetleon.com\/fr\/expertise-sinistre-et-audit-immobilier\/#breadcrumb","itemListElement":[{"@type":"ListItem","position":1,"name":"Expertise sinistre et audit immobilier"}]},{"@type":"WebSite","@id":"https:\/\/www.cabinetleon.com\/#website","url":"https:\/\/www.cabinetleon.com\/","name":"LEON","description":"Cabinet De Conseil En Supply Chain, 75009 Paris","publisher":{"@id":"https:\/\/www.cabinetleon.com\/#organization"},"potentialAction":[{"@type":"SearchAction","target":{"@type":"EntryPoint","urlTemplate":"https:\/\/www.cabinetleon.com\/?s={search_term_string}"},"query-input":"required name=search_term_string"}],"inLanguage":"fr-FR"},{"@type":"Organization","@id":"https:\/\/www.cabinetleon.com\/#organization","name":"LEON","url":"https:\/\/www.cabinetleon.com\/","sameAs":["https:\/\/www.linkedin.com\/in\/pierrefournet\/?originalSubdomain=fr","https:\/\/www.youtube.com\/channel\/UCppJjmJy2cNd5Bz5mx7vjCw"],"logo":{"@type":"ImageObject","inLanguage":"fr-FR","@id":"https:\/\/www.cabinetleon.com\/#\/schema\/logo\/image\/","url":"https:\/\/www.cabinetleon.com\/wp-content\/uploads\/2022\/04\/intro2.jpg","contentUrl":"https:\/\/www.cabinetleon.com\/wp-content\/uploads\/2022\/04\/intro2.jpg","width":1884,"height":885,"caption":"LEON"},"image":{"@id":"https:\/\/www.cabinetleon.com\/#\/schema\/logo\/image\/"}}]}},"_links":{"self":[{"href":"https:\/\/www.cabinetleon.com\/fr\/wp-json\/wp\/v2\/pages\/3891"}],"collection":[{"href":"https:\/\/www.cabinetleon.com\/fr\/wp-json\/wp\/v2\/pages"}],"about":[{"href":"https:\/\/www.cabinetleon.com\/fr\/wp-json\/wp\/v2\/types\/page"}],"author":[{"embeddable":true,"href":"https:\/\/www.cabinetleon.com\/fr\/wp-json\/wp\/v2\/users\/1"}],"replies":[{"embeddable":true,"href":"https:\/\/www.cabinetleon.com\/fr\/wp-json\/wp\/v2\/comments?post=3891"}],"version-history":[{"count":16,"href":"https:\/\/www.cabinetleon.com\/fr\/wp-json\/wp\/v2\/pages\/3891\/revisions"}],"predecessor-version":[{"id":6097,"href":"https:\/\/www.cabinetleon.com\/fr\/wp-json\/wp\/v2\/pages\/3891\/revisions\/6097"}],"wp:attachment":[{"href":"https:\/\/www.cabinetleon.com\/fr\/wp-json\/wp\/v2\/media?parent=3891"}],"curies":[{"name":"wp","href":"https:\/\/api.w.org\/{rel}","templated":true}]}}