{"id":4220,"date":"2021-09-19T13:23:30","date_gmt":"2021-09-19T11:23:30","guid":{"rendered":"http:\/\/www.cabinetleon.com\/?page_id=4220"},"modified":"2022-03-28T12:56:33","modified_gmt":"2022-03-28T10:56:33","slug":"nos-guides-transport-post-covid-19","status":"publish","type":"page","link":"https:\/\/www.cabinetleon.com\/fr\/nos-guides-transport-post-covid-19\/","title":{"rendered":"Nos guides Transport post covid 19"},"content":{"rendered":"<p>[vc_row full_width=\u00a0\u00bbstretch_row\u00a0\u00bb css=\u00a0\u00bb.vc_custom_1632050606029{margin-bottom: 75px !important;padding-top: 200px !important;padding-bottom: 150px !important;background-image: url(http:\/\/www.cabinetleon.com\/wp-content\/uploads\/2021\/08\/industry-3087398_1920.jpg?id=3056) !important;background-position: center !important;background-repeat: no-repeat !important;background-size: cover !important;}\u00a0\u00bb][vc_column][vc_row_inner][vc_column_inner width=\u00a0\u00bb1\/6&Prime;][\/vc_column_inner][vc_column_inner width=\u00a0\u00bb2\/3&Prime;][vc_column_text]<\/p>\n<h1 style=\"text-align: center;\"><span style=\"color: #ffffff;\">Nos Guides<\/span><\/h1>\n<p>[\/vc_column_text][\/vc_column_inner][vc_column_inner width=\u00a0\u00bb1\/6&Prime;][\/vc_column_inner][\/vc_row_inner][\/vc_column][\/vc_row][vc_row][vc_column width=\u00a0\u00bb1\/2&Prime;][vc_column_text]<\/p>\n<h4 class=\"entry-title\"><a href=\"\/nos-guides-transport-post-covid-19\/\"><u>Guide 1 | Transport post covid 19<\/u><\/a><\/h4>\n<p>[\/vc_column_text][\/vc_column][vc_column width=\u00a0\u00bb1\/2&Prime;][vc_column_text]<\/p>\n<h4 class=\"entry-title\"><a href=\"\/nos-guides-reduire-les-stocks-et-liberer-du-cash\/\">Guide 2 | R\u00e9duire les stocks et lib\u00e9rer du cash<\/a><\/h4>\n<p>[\/vc_column_text][\/vc_column][\/vc_row][vc_row][vc_column][vc_empty_space][\/vc_column][\/vc_row][vc_row][vc_column][vc_separator][\/vc_column][\/vc_row][vc_row][vc_column][vc_column_text]<\/p>\n<h1 class=\"entry-title\">Guide 1 | Transport post covid 19<\/h1>\n<p>[\/vc_column_text][\/vc_column][\/vc_row][vc_row][vc_column width=\u00a0\u00bb2\/3&Prime;][vc_empty_space height=\u00a0\u00bb15px\u00a0\u00bb][vc_column_text]La crise de COVID19 a entrain\u00e9 une chute de l\u2019activit\u00e9 transport.<br \/>\nSelon la FNTR, 86% des transporteurs sont en arr\u00eat total (30%) ou partiel (56%).<br \/>\nCette situation peut d\u2019une part entrainer des faillites et donc r\u00e9duire l\u2019offre transport lors de la reprise.<br \/>\nD\u2019autre part, le red\u00e9marrage peut impliquer une demande forte de transport pour reconstituer des stocks.<\/p>\n<p>Il est donc prudent d\u2019anticiper la reprise en initiant d\u00e9s maintenant les discussions avec les prestataires.<br \/>\nPour pr\u00e9parer ces \u00e9changes, nous avons d\u2019abord synth\u00e9tis\u00e9 la structure de leurs co\u00fbts, leurs tarifs et leurs leviers de rentabilit\u00e9.<br \/>\nVous trouverez ensuite une anticipation de leurs comportements pendant les phases de sortie de l\u2019\u00e9pid\u00e9mie.<br \/>\nEnfin, les risques de la sortie de crise et les actions pour y faire face sont abord\u00e9s.[\/vc_column_text][vc_column_text]<strong>Pour en savoir +, t\u00e9l\u00e9chargez notre guide en remplissant notre formulaire !<br \/>\nVous recevrez le lien de t\u00e9l\u00e9chargement sur votre messagerie.<br \/>\n<\/strong>[\/vc_column_text][\/vc_column][vc_column width=\u00a0\u00bb1\/3&Prime;]<div role=\"form\" class=\"wpcf7\" id=\"wpcf7-f1878-o1\" lang=\"fr-FR\" dir=\"ltr\">\n<div class=\"screen-reader-response\"><p role=\"status\" aria-live=\"polite\" aria-atomic=\"true\"><\/p> <ul><\/ul><\/div>\n<form action=\"\/fr\/fr\/wp-json\/wp\/v2\/pages\/4220#wpcf7-f1878-o1\" method=\"post\" class=\"wpcf7-form init\" novalidate=\"novalidate\" data-status=\"init\">\n<div style=\"display: none;\">\n<input type=\"hidden\" name=\"_wpcf7\" value=\"1878\" \/>\n<input type=\"hidden\" name=\"_wpcf7_version\" value=\"5.6.2\" \/>\n<input type=\"hidden\" name=\"_wpcf7_locale\" value=\"fr_FR\" \/>\n<input type=\"hidden\" name=\"_wpcf7_unit_tag\" value=\"wpcf7-f1878-o1\" \/>\n<input type=\"hidden\" name=\"_wpcf7_container_post\" value=\"0\" \/>\n<input type=\"hidden\" name=\"_wpcf7_posted_data_hash\" value=\"\" \/>\n<input type=\"hidden\" name=\"_wpcf7_recaptcha_response\" value=\"\" \/>\n<\/div>\n<p>Les champs annot\u00e9s d'un ast\u00e9risque (*) sont obligatoires.<br \/>\n<br><\/p>\n<p>Votre nom *<br \/>\n    <span class=\"wpcf7-form-control-wrap\" data-name=\"your-name\"><input type=\"text\" name=\"your-name\" value=\"\" size=\"40\" class=\"wpcf7-form-control wpcf7-text wpcf7-validates-as-required\" aria-required=\"true\" aria-invalid=\"false\" \/><\/span> <\/p>\n<p>Votre email *<br \/>\n    <span class=\"wpcf7-form-control-wrap\" data-name=\"your-email\"><input type=\"email\" name=\"your-email\" value=\"\" size=\"40\" class=\"wpcf7-form-control wpcf7-text wpcf7-email wpcf7-validates-as-required wpcf7-validates-as-email\" aria-required=\"true\" aria-invalid=\"false\" \/><\/span> <\/p>\n<p>Votre Soci\u00e9t\u00e9 *<br \/>\n    <span class=\"wpcf7-form-control-wrap\" data-name=\"your-subject\"><input type=\"text\" name=\"your-subject\" value=\"\" size=\"40\" class=\"wpcf7-form-control wpcf7-text wpcf7-validates-as-required\" aria-required=\"true\" aria-invalid=\"false\" \/><\/span> <\/p>\n<p><input type=\"submit\" value=\"Envoyer\" class=\"wpcf7-form-control has-spinner wpcf7-submit\" \/><\/p>\n<div class=\"wpcf7-response-output\" aria-hidden=\"true\"><\/div><\/form><\/div>[\/vc_column][\/vc_row][vc_row][vc_column][vc_empty_space][\/vc_column][\/vc_row][vc_row][vc_column][\/vc_column][\/vc_row]<\/p>\n","protected":false},"excerpt":{"rendered":"<p>[vc_row full_width=\u00a0\u00bbstretch_row\u00a0\u00bb css=\u00a0\u00bb.vc_custom_1632050606029{margin-bottom: 75px !important;padding-top: 200px !important;padding-bottom: 150px !important;background-image: url(http:\/\/www.cabinetleon.com\/wp-content\/uploads\/2021\/08\/industry-3087398_1920.jpg?id=3056) !important;background-position: center !important;background-repeat: no-repeat !important;background-size: cover !important;}\u00a0\u00bb][vc_column][vc_row_inner][vc_column_inner width=\u00a0\u00bb1\/6&Prime;][\/vc_column_inner][vc_column_inner width=\u00a0\u00bb2\/3&Prime;][vc_column_text] Nos Guides [\/vc_column_text][\/vc_column_inner][vc_column_inner width=\u00a0\u00bb1\/6&Prime;][\/vc_column_inner][\/vc_row_inner][\/vc_column][\/vc_row][vc_row][vc_column width=\u00a0\u00bb1\/2&Prime;][vc_column_text] Guide 1 | Transport post covid 19 [\/vc_column_text][\/vc_column][vc_column width=\u00a0\u00bb1\/2&Prime;][vc_column_text] Guide 2 | R\u00e9duire les stocks et lib\u00e9rer du cash [\/vc_column_text][\/vc_column][\/vc_row][vc_row][vc_column][vc_empty_space][\/vc_column][\/vc_row][vc_row][vc_column][vc_separator][\/vc_column][\/vc_row][vc_row][vc_column][vc_column_text] Guide 1 | Transport post covid 19 [\/vc_column_text][\/vc_column][\/vc_row][vc_row][vc_column width=\u00a0\u00bb2\/3&Prime;][vc_empty_space height=\u00a0\u00bb15px\u00a0\u00bb][vc_column_text]La crise [&hellip;]<\/p>\n","protected":false},"author":1,"featured_media":0,"parent":0,"menu_order":0,"comment_status":"closed","ping_status":"closed","template":"page-boxed.php","meta":[],"yoast_head":"<!-- This site is optimized with the Yoast SEO plugin v19.6 - https:\/\/yoast.com\/wordpress\/plugins\/seo\/ -->\n<title>Nos guides Transport post covid 19 - LEON<\/title>\n<meta name=\"robots\" content=\"index, follow, max-snippet:-1, max-image-preview:large, max-video-preview:-1\" \/>\n<link rel=\"canonical\" href=\"https:\/\/www.cabinetleon.com\/fr\/nos-guides-transport-post-covid-19\/\" \/>\n<meta property=\"og:locale\" content=\"fr_FR\" \/>\n<meta property=\"og:type\" content=\"article\" \/>\n<meta property=\"og:title\" content=\"Nos guides Transport post covid 19 - LEON\" \/>\n<meta property=\"og:description\" content=\"[vc_row full_width=\u00a0\u00bbstretch_row\u00a0\u00bb css=\u00a0\u00bb.vc_custom_1632050606029{margin-bottom: 75px !important;padding-top: 200px !important;padding-bottom: 150px !important;background-image: url(http:\/\/www.cabinetleon.com\/wp-content\/uploads\/2021\/08\/industry-3087398_1920.jpg?id=3056) !important;background-position: center !important;background-repeat: no-repeat !important;background-size: cover !important;}\u00a0\u00bb][vc_column][vc_row_inner][vc_column_inner width=\u00a0\u00bb1\/6&Prime;][\/vc_column_inner][vc_column_inner width=\u00a0\u00bb2\/3&Prime;][vc_column_text] Nos Guides [\/vc_column_text][\/vc_column_inner][vc_column_inner width=\u00a0\u00bb1\/6&Prime;][\/vc_column_inner][\/vc_row_inner][\/vc_column][\/vc_row][vc_row][vc_column width=\u00a0\u00bb1\/2&Prime;][vc_column_text] Guide 1 | Transport post covid 19 [\/vc_column_text][\/vc_column][vc_column width=\u00a0\u00bb1\/2&Prime;][vc_column_text] Guide 2 | R\u00e9duire les stocks et lib\u00e9rer du cash [\/vc_column_text][\/vc_column][\/vc_row][vc_row][vc_column][vc_empty_space][\/vc_column][\/vc_row][vc_row][vc_column][vc_separator][\/vc_column][\/vc_row][vc_row][vc_column][vc_column_text] Guide 1 | Transport post covid 19 [\/vc_column_text][\/vc_column][\/vc_row][vc_row][vc_column width=\u00a0\u00bb2\/3&Prime;][vc_empty_space height=\u00a0\u00bb15px\u00a0\u00bb][vc_column_text]La crise [&hellip;]\" \/>\n<meta property=\"og:url\" content=\"https:\/\/www.cabinetleon.com\/fr\/nos-guides-transport-post-covid-19\/\" \/>\n<meta property=\"og:site_name\" content=\"LEON\" \/>\n<meta property=\"article:modified_time\" content=\"2022-03-28T10:56:33+00:00\" \/>\n<meta property=\"og:image\" content=\"https:\/\/www.cabinetleon.com\/wp-content\/uploads\/2022\/04\/intro2.jpg\" \/>\n\t<meta property=\"og:image:width\" content=\"1884\" \/>\n\t<meta property=\"og:image:height\" content=\"885\" \/>\n\t<meta property=\"og:image:type\" content=\"image\/jpeg\" \/>\n<meta name=\"twitter:card\" content=\"summary_large_image\" \/>\n<meta name=\"twitter:label1\" content=\"Dur\u00e9e de lecture estim\u00e9e\" \/>\n\t<meta name=\"twitter:data1\" content=\"1 minute\" \/>\n<script type=\"application\/ld+json\" class=\"yoast-schema-graph\">{\"@context\":\"https:\/\/schema.org\",\"@graph\":[{\"@type\":\"WebPage\",\"@id\":\"https:\/\/www.cabinetleon.com\/fr\/nos-guides-transport-post-covid-19\/\",\"url\":\"https:\/\/www.cabinetleon.com\/fr\/nos-guides-transport-post-covid-19\/\",\"name\":\"Nos guides Transport post covid 19 - LEON\",\"isPartOf\":{\"@id\":\"https:\/\/www.cabinetleon.com\/#website\"},\"datePublished\":\"2021-09-19T11:23:30+00:00\",\"dateModified\":\"2022-03-28T10:56:33+00:00\",\"breadcrumb\":{\"@id\":\"https:\/\/www.cabinetleon.com\/fr\/nos-guides-transport-post-covid-19\/#breadcrumb\"},\"inLanguage\":\"fr-FR\",\"potentialAction\":[{\"@type\":\"ReadAction\",\"target\":[\"https:\/\/www.cabinetleon.com\/fr\/nos-guides-transport-post-covid-19\/\"]}]},{\"@type\":\"BreadcrumbList\",\"@id\":\"https:\/\/www.cabinetleon.com\/fr\/nos-guides-transport-post-covid-19\/#breadcrumb\",\"itemListElement\":[{\"@type\":\"ListItem\",\"position\":1,\"name\":\"Nos guides Transport post covid 19\"}]},{\"@type\":\"WebSite\",\"@id\":\"https:\/\/www.cabinetleon.com\/#website\",\"url\":\"https:\/\/www.cabinetleon.com\/\",\"name\":\"LEON\",\"description\":\"Cabinet De Conseil En Supply Chain, 75009 Paris\",\"publisher\":{\"@id\":\"https:\/\/www.cabinetleon.com\/#organization\"},\"potentialAction\":[{\"@type\":\"SearchAction\",\"target\":{\"@type\":\"EntryPoint\",\"urlTemplate\":\"https:\/\/www.cabinetleon.com\/?s={search_term_string}\"},\"query-input\":\"required name=search_term_string\"}],\"inLanguage\":\"fr-FR\"},{\"@type\":\"Organization\",\"@id\":\"https:\/\/www.cabinetleon.com\/#organization\",\"name\":\"LEON\",\"url\":\"https:\/\/www.cabinetleon.com\/\",\"sameAs\":[\"https:\/\/www.linkedin.com\/in\/pierrefournet\/?originalSubdomain=fr\",\"https:\/\/www.youtube.com\/channel\/UCppJjmJy2cNd5Bz5mx7vjCw\"],\"logo\":{\"@type\":\"ImageObject\",\"inLanguage\":\"fr-FR\",\"@id\":\"https:\/\/www.cabinetleon.com\/#\/schema\/logo\/image\/\",\"url\":\"https:\/\/www.cabinetleon.com\/wp-content\/uploads\/2022\/04\/intro2.jpg\",\"contentUrl\":\"https:\/\/www.cabinetleon.com\/wp-content\/uploads\/2022\/04\/intro2.jpg\",\"width\":1884,\"height\":885,\"caption\":\"LEON\"},\"image\":{\"@id\":\"https:\/\/www.cabinetleon.com\/#\/schema\/logo\/image\/\"}}]}<\/script>\n<!-- \/ Yoast SEO plugin. -->","yoast_head_json":{"title":"Nos guides Transport post covid 19 - LEON","robots":{"index":"index","follow":"follow","max-snippet":"max-snippet:-1","max-image-preview":"max-image-preview:large","max-video-preview":"max-video-preview:-1"},"canonical":"https:\/\/www.cabinetleon.com\/fr\/nos-guides-transport-post-covid-19\/","og_locale":"fr_FR","og_type":"article","og_title":"Nos guides Transport post covid 19 - LEON","og_description":"[vc_row full_width=\u00a0\u00bbstretch_row\u00a0\u00bb css=\u00a0\u00bb.vc_custom_1632050606029{margin-bottom: 75px !important;padding-top: 200px !important;padding-bottom: 150px !important;background-image: url(http:\/\/www.cabinetleon.com\/wp-content\/uploads\/2021\/08\/industry-3087398_1920.jpg?id=3056) !important;background-position: center !important;background-repeat: no-repeat !important;background-size: cover !important;}\u00a0\u00bb][vc_column][vc_row_inner][vc_column_inner width=\u00a0\u00bb1\/6&Prime;][\/vc_column_inner][vc_column_inner width=\u00a0\u00bb2\/3&Prime;][vc_column_text] Nos Guides [\/vc_column_text][\/vc_column_inner][vc_column_inner width=\u00a0\u00bb1\/6&Prime;][\/vc_column_inner][\/vc_row_inner][\/vc_column][\/vc_row][vc_row][vc_column width=\u00a0\u00bb1\/2&Prime;][vc_column_text] Guide 1 | Transport post covid 19 [\/vc_column_text][\/vc_column][vc_column width=\u00a0\u00bb1\/2&Prime;][vc_column_text] Guide 2 | R\u00e9duire les stocks et lib\u00e9rer du cash [\/vc_column_text][\/vc_column][\/vc_row][vc_row][vc_column][vc_empty_space][\/vc_column][\/vc_row][vc_row][vc_column][vc_separator][\/vc_column][\/vc_row][vc_row][vc_column][vc_column_text] Guide 1 | Transport post covid 19 [\/vc_column_text][\/vc_column][\/vc_row][vc_row][vc_column width=\u00a0\u00bb2\/3&Prime;][vc_empty_space height=\u00a0\u00bb15px\u00a0\u00bb][vc_column_text]La crise [&hellip;]","og_url":"https:\/\/www.cabinetleon.com\/fr\/nos-guides-transport-post-covid-19\/","og_site_name":"LEON","article_modified_time":"2022-03-28T10:56:33+00:00","og_image":[{"width":1884,"height":885,"url":"https:\/\/www.cabinetleon.com\/wp-content\/uploads\/2022\/04\/intro2.jpg","type":"image\/jpeg"}],"twitter_card":"summary_large_image","twitter_misc":{"Dur\u00e9e de lecture estim\u00e9e":"1 minute"},"schema":{"@context":"https:\/\/schema.org","@graph":[{"@type":"WebPage","@id":"https:\/\/www.cabinetleon.com\/fr\/nos-guides-transport-post-covid-19\/","url":"https:\/\/www.cabinetleon.com\/fr\/nos-guides-transport-post-covid-19\/","name":"Nos guides Transport post covid 19 - LEON","isPartOf":{"@id":"https:\/\/www.cabinetleon.com\/#website"},"datePublished":"2021-09-19T11:23:30+00:00","dateModified":"2022-03-28T10:56:33+00:00","breadcrumb":{"@id":"https:\/\/www.cabinetleon.com\/fr\/nos-guides-transport-post-covid-19\/#breadcrumb"},"inLanguage":"fr-FR","potentialAction":[{"@type":"ReadAction","target":["https:\/\/www.cabinetleon.com\/fr\/nos-guides-transport-post-covid-19\/"]}]},{"@type":"BreadcrumbList","@id":"https:\/\/www.cabinetleon.com\/fr\/nos-guides-transport-post-covid-19\/#breadcrumb","itemListElement":[{"@type":"ListItem","position":1,"name":"Nos guides Transport post covid 19"}]},{"@type":"WebSite","@id":"https:\/\/www.cabinetleon.com\/#website","url":"https:\/\/www.cabinetleon.com\/","name":"LEON","description":"Cabinet De Conseil En Supply Chain, 75009 Paris","publisher":{"@id":"https:\/\/www.cabinetleon.com\/#organization"},"potentialAction":[{"@type":"SearchAction","target":{"@type":"EntryPoint","urlTemplate":"https:\/\/www.cabinetleon.com\/?s={search_term_string}"},"query-input":"required name=search_term_string"}],"inLanguage":"fr-FR"},{"@type":"Organization","@id":"https:\/\/www.cabinetleon.com\/#organization","name":"LEON","url":"https:\/\/www.cabinetleon.com\/","sameAs":["https:\/\/www.linkedin.com\/in\/pierrefournet\/?originalSubdomain=fr","https:\/\/www.youtube.com\/channel\/UCppJjmJy2cNd5Bz5mx7vjCw"],"logo":{"@type":"ImageObject","inLanguage":"fr-FR","@id":"https:\/\/www.cabinetleon.com\/#\/schema\/logo\/image\/","url":"https:\/\/www.cabinetleon.com\/wp-content\/uploads\/2022\/04\/intro2.jpg","contentUrl":"https:\/\/www.cabinetleon.com\/wp-content\/uploads\/2022\/04\/intro2.jpg","width":1884,"height":885,"caption":"LEON"},"image":{"@id":"https:\/\/www.cabinetleon.com\/#\/schema\/logo\/image\/"}}]}},"_links":{"self":[{"href":"https:\/\/www.cabinetleon.com\/fr\/wp-json\/wp\/v2\/pages\/4220"}],"collection":[{"href":"https:\/\/www.cabinetleon.com\/fr\/wp-json\/wp\/v2\/pages"}],"about":[{"href":"https:\/\/www.cabinetleon.com\/fr\/wp-json\/wp\/v2\/types\/page"}],"author":[{"embeddable":true,"href":"https:\/\/www.cabinetleon.com\/fr\/wp-json\/wp\/v2\/users\/1"}],"replies":[{"embeddable":true,"href":"https:\/\/www.cabinetleon.com\/fr\/wp-json\/wp\/v2\/comments?post=4220"}],"version-history":[{"count":42,"href":"https:\/\/www.cabinetleon.com\/fr\/wp-json\/wp\/v2\/pages\/4220\/revisions"}],"predecessor-version":[{"id":5722,"href":"https:\/\/www.cabinetleon.com\/fr\/wp-json\/wp\/v2\/pages\/4220\/revisions\/5722"}],"wp:attachment":[{"href":"https:\/\/www.cabinetleon.com\/fr\/wp-json\/wp\/v2\/media?parent=4220"}],"curies":[{"name":"wp","href":"https:\/\/api.w.org\/{rel}","templated":true}]}}